{"id":2208,"date":"2023-12-03T21:54:37","date_gmt":"2023-12-03T21:54:37","guid":{"rendered":"https:\/\/vdportal.com\/?page_id=2208"},"modified":"2024-07-07T15:32:22","modified_gmt":"2024-07-07T15:32:22","slug":"v-food","status":"publish","type":"page","link":"https:\/\/vitesse-delivery.com\/fr\/v-food\/","title":{"rendered":"V-Food"},"content":{"rendered":"<div data-elementor-type=\"wp-page\" data-elementor-id=\"2208\" class=\"elementor elementor-2208\" data-elementor-post-type=\"page\">\n\t\t\t\t<div class=\"elementor-element elementor-element-eb1bef1 e-flex e-con-boxed e-con e-parent\" data-id=\"eb1bef1\" data-element_type=\"container\" data-settings=\"{&quot;background_background&quot;:&quot;classic&quot;}\">\n\t\t\t\t\t<div class=\"e-con-inner\">\n\t\t\t\t<div class=\"elementor-element elementor-element-0a009e4 elementor-widget__width-inherit elementor-widget-mobile__width-inherit animated-fast elementor-invisible elementor-widget elementor-widget-ucaddon_text_rotator\" data-id=\"0a009e4\" data-element_type=\"widget\" data-settings=\"{&quot;_animation&quot;:&quot;fadeInUp&quot;}\" data-widget_type=\"ucaddon_text_rotator.default\">\n\t\t\t\t<div class=\"elementor-widget-container\">\n\t\t\t\t\t<!-- start Text Rotator -->\n\t\t<link id='uc_ac_assets_file_morphext_css_52-css' href='https:\/\/vitesse-delivery.com\/wp-content\/uploads\/ac_assets\/Text Rotator\/morphext.css' type='text\/css' rel='stylesheet' >\n\t\t<link id='uc_ac_assets_file_animate_css_77907-css' href='https:\/\/vitesse-delivery.com\/wp-content\/uploads\/ac_assets\/Text Rotator\/animate.css' type='text\/css' rel='stylesheet' >\n\n\t\t\t<style type=\"text\/css\">\/* widget: Text Rotator *\/\n\n#uc_text_rotator_elementor_0a009e4 span.string\n{\n  display:block;\n} \n\n\n\n<\/style>\n\n\t\t\t<div style=\"text-align:left;\" id=\"uc_text_rotator_elementor_0a009e4\">\n  <span class=\"string beginning_text_typography\" >Solution de livraison pour<\/span> \n  <span class=\"string\">\n    <span class=\"js-rotating middle_text_typography\">\n                     Propri\u00e9taires de restaurants\n\n<span style=\"display: none;\">, Companies<\/span>\n\n<span style=\"display: none;\">, Individuals<\/span>\n\n<span style=\"display: none;\">, E-Commerce owners<\/span>\n\n  \n            <\/span>\n  <\/span> \n  <span class=\"string ending_text_typography\"><\/span>\n<\/div>\n\t\t\t<!-- end Text Rotator -->\t\t\t\t<\/div>\n\t\t\t\t<\/div>\n\t\t\t\t<div class=\"elementor-element elementor-element-6461cd0 animated-fast elementor-widget-mobile__width-inherit elementor-widget__width-initial elementor-invisible elementor-widget elementor-widget-text-editor\" data-id=\"6461cd0\" data-element_type=\"widget\" data-settings=\"{&quot;_animation&quot;:&quot;fadeInUp&quot;}\" data-widget_type=\"text-editor.default\">\n\t\t\t\t<div class=\"elementor-widget-container\">\n\t\t\t\t\t\t\t\t\t<p>L'avenir des livraisons commerciales est l\u00e0 !<\/p>\t\t\t\t\t\t\t\t<\/div>\n\t\t\t\t<\/div>\n\t\t\t\t<div class=\"elementor-element elementor-element-8532a7d elementor-widget elementor-widget-button\" data-id=\"8532a7d\" data-element_type=\"widget\" data-settings=\"{&quot;_animation_mobile&quot;:&quot;fadeInUp&quot;}\" data-widget_type=\"button.default\">\n\t\t\t\t<div class=\"elementor-widget-container\">\n\t\t\t\t\t\t\t\t\t<div class=\"elementor-button-wrapper\">\n\t\t\t\t\t<a class=\"elementor-button elementor-button-link elementor-size-sm\" href=\"https:\/\/downbe.com\/Sesl\">\n\t\t\t\t\t\t<span class=\"elementor-button-content-wrapper\">\n\t\t\t\t\t\t\t\t\t<span class=\"elementor-button-text\">Livrer aujourd'hui<\/span>\n\t\t\t\t\t<\/span>\n\t\t\t\t\t<\/a>\n\t\t\t\t<\/div>\n\t\t\t\t\t\t\t\t<\/div>\n\t\t\t\t<\/div>\n\t\t\t\t\t<\/div>\n\t\t\t\t<\/div>\n\t\t<div class=\"elementor-element elementor-element-b0236c0 e-flex e-con-boxed e-con e-parent\" data-id=\"b0236c0\" data-element_type=\"container\" data-settings=\"{&quot;background_background&quot;:&quot;classic&quot;}\">\n\t\t\t\t\t<div class=\"e-con-inner\">\n\t\t\t\t<div class=\"elementor-element elementor-element-ac20be7 animated-fast elementor-widget-mobile__width-inherit elementor-widget__width-initial elementor-invisible elementor-widget elementor-widget-text-editor\" data-id=\"ac20be7\" data-element_type=\"widget\" data-settings=\"{&quot;_animation&quot;:&quot;fadeInUp&quot;}\" data-widget_type=\"text-editor.default\">\n\t\t\t\t<div class=\"elementor-widget-container\">\n\t\t\t\t\t\t\t\t\t<p>Vitesse apporte la technologie mondiale et l'efficacit\u00e9 de la logistique \u00e0 votre entreprise ! Ensemble, comblons le foss\u00e9 de la livraison au Cameroun ! Livrer facilement et rapidement ! Rejoignez la r\u00e9volution de la livraison<\/p>\t\t\t\t\t\t\t\t<\/div>\n\t\t\t\t<\/div>\n\t\t\t\t<div class=\"elementor-element elementor-element-d259a59 animated-fast elementor-invisible elementor-widget elementor-widget-heading\" data-id=\"d259a59\" data-element_type=\"widget\" data-settings=\"{&quot;_animation&quot;:&quot;fadeInUp&quot;}\" data-widget_type=\"heading.default\">\n\t\t\t\t<div class=\"elementor-widget-container\">\n\t\t\t\t\t<h2 class=\"elementor-heading-title elementor-size-default\">Associez-vous \u00e0 nous...<\/h2>\t\t\t\t<\/div>\n\t\t\t\t<\/div>\n\t\t\t\t<div class=\"elementor-element elementor-element-36958e9 animated-fast elementor-widget-mobile__width-inherit elementor-widget__width-initial elementor-invisible elementor-widget elementor-widget-text-editor\" data-id=\"36958e9\" data-element_type=\"widget\" data-settings=\"{&quot;_animation&quot;:&quot;fadeInUp&quot;}\" data-widget_type=\"text-editor.default\">\n\t\t\t\t<div class=\"elementor-widget-container\">\n\t\t\t\t\t\t\t\t\t<p>En plus d'offrir un service de livraison p2p rapide, abordable et fiable \u00e0 Douala, nous sommes ouverts \u00e0 des partenariats avec des entreprises qui ont besoin de services de livraison rapides et fiables. En vous associant avec nous, vous aurez un avantage sur vos concurrents en mati\u00e8re de livraison, car vous serez en mesure de g\u00e9rer automatiquement les \u00e9l\u00e9ments suivants :<\/p>\t\t\t\t\t\t\t\t<\/div>\n\t\t\t\t<\/div>\n\t\t<div class=\"elementor-element elementor-element-b92b62b e-grid e-con-full e-con e-child\" data-id=\"b92b62b\" data-element_type=\"container\">\n\t\t\t\t<div class=\"elementor-element elementor-element-fb4fe0e elementor-invisible elementor-widget elementor-widget-ucaddon_lord_icon\" data-id=\"fb4fe0e\" data-element_type=\"widget\" data-settings=\"{&quot;_animation&quot;:&quot;fadeInUp&quot;}\" data-widget_type=\"ucaddon_lord_icon.default\">\n\t\t\t\t<div class=\"elementor-widget-container\">\n\t\t\t\t\t<!-- start Lordicon: Animated Icons -->\n\t\t\t<style type=\"text\/css\">\/* widget: Lordicon: Animated Icons *\/\n\n#uc_lord_icon_elementor_fb4fe0e\n{\n  transition:0.3s;\n  display:flex;\n}\n\n#uc_lord_icon_elementor_fb4fe0e lord-icon\n{\n  flex-shrink:0;\n  flex-grow:0;\n    }\n\n#uc_lord_icon_elementor_fb4fe0e .ue-box-button\n{\n  width:100%;\n}\n\n#uc_lord_icon_elementor_fb4fe0e .ue-btn {\n\ttext-decoration:none;\n\ttransition: 0.3s;\n    text-align:center;\n}\n\n\n\t.ue-box-title\n    {\n      font-size:21px;\n    }\n\n\n\n\n@keyframes pulseuc_lord_icon_elementor_fb4fe0e {\n\t 0% {\n\t\ttransform: scale(0.95);\n\t\tbox-shadow: 0 0 0 0 #FF0052;\n\t}\n\t\n\t70% {\n\t\ttransform: scale(1);\n\t\tbox-shadow: 0 0 0 20px #FF0052;\n\t}\n\t\n\t100% {\n\t\ttransform: scale(0.95);\n\t\tbox-shadow: 0 0 0 0 #FF0052;\n\t}\n}\n\n<\/style>\n\n\t\t\t<div class=\"ue-lord-icon-wrapper elementor-animation-float\" id=\"uc_lord_icon_elementor_fb4fe0e\">\n<div>\n<lord-icon\n        src=\"https:\/\/vdportal.com\/wp-content\/uploads\/2023\/10\/wired-outline-970-video-conference.json\"       \n    trigger=\"loop\"\n      target=\".ue-lord-icon-wrapper\"                      delay=\"0\"\n    state=\"in-reveal\"\n    stroke=\"regular\"\n    colors=\"primary:#585858,secondary:#FF0052\">\n<\/lord-icon>\n<\/div>\n\n<div class=\"ue-lord-icon-contet\">\n  <div class=\"ue-box-title\">Gestion facile des commandes<\/div>  <div class=\"ue-box-text\"><p>Cr\u00e9ez, planifiez, annulez, payez par MobileMoney et acc\u00e9dez \u00e0 l'historique des commandes facilement gr\u00e2ce \u00e0 notre plateforme.<\/p><\/div>  <\/div>\n\n<\/div>\n  \n<!-- Animated icons by Lordicon.com -->\n\t\t\t<!-- end Lordicon: Animated Icons -->\t\t\t\t<\/div>\n\t\t\t\t<\/div>\n\t\t\t\t<div class=\"elementor-element elementor-element-419b780 elementor-invisible elementor-widget elementor-widget-ucaddon_lord_icon\" data-id=\"419b780\" data-element_type=\"widget\" data-settings=\"{&quot;_animation&quot;:&quot;fadeInUp&quot;}\" data-widget_type=\"ucaddon_lord_icon.default\">\n\t\t\t\t<div class=\"elementor-widget-container\">\n\t\t\t\t\t<!-- start Lordicon: Animated Icons -->\n\t\t\t<style type=\"text\/css\">\/* widget: Lordicon: Animated Icons *\/\n\n#uc_lord_icon_elementor_419b780\n{\n  transition:0.3s;\n  display:flex;\n}\n\n#uc_lord_icon_elementor_419b780 lord-icon\n{\n  flex-shrink:0;\n  flex-grow:0;\n    }\n\n#uc_lord_icon_elementor_419b780 .ue-box-button\n{\n  width:100%;\n}\n\n#uc_lord_icon_elementor_419b780 .ue-btn {\n\ttext-decoration:none;\n\ttransition: 0.3s;\n    text-align:center;\n}\n\n\n\n\n@keyframes pulseuc_lord_icon_elementor_419b780 {\n\t 0% {\n\t\ttransform: scale(0.95);\n\t\tbox-shadow: 0 0 0 0 #FF0052;\n\t}\n\t\n\t70% {\n\t\ttransform: scale(1);\n\t\tbox-shadow: 0 0 0 20px #FF0052;\n\t}\n\t\n\t100% {\n\t\ttransform: scale(0.95);\n\t\tbox-shadow: 0 0 0 0 #FF0052;\n\t}\n}\n\n<\/style>\n\n\t\t\t<div class=\"ue-lord-icon-wrapper elementor-animation-float\" id=\"uc_lord_icon_elementor_419b780\">\n<div>\n<lord-icon\n        src=\"https:\/\/vdportal.com\/wp-content\/uploads\/2023\/10\/wired-outline-18-location-pin.json\"       \n    trigger=\"loop\"\n      target=\".ue-lord-icon-wrapper\"                      delay=\"0\"\n    state=\"in-reveal\"\n    stroke=\"regular\"\n    colors=\"primary:#585858,secondary:#FF0052\">\n<\/lord-icon>\n<\/div>\n\n<div class=\"ue-lord-icon-contet\">\n  <div class=\"ue-box-title\">Suivi des commandes<\/div>  <div class=\"ue-box-text\"><p>Suivez nos agents de livraison en temps r\u00e9el et soyez inform\u00e9 du processus de livraison jusqu'\u00e0 ce que vos articles soient livr\u00e9s.<\/p><\/div>  <\/div>\n\n<\/div>\n  \n<!-- Animated icons by Lordicon.com -->\n\t\t\t<!-- end Lordicon: Animated Icons -->\t\t\t\t<\/div>\n\t\t\t\t<\/div>\n\t\t\t\t<div class=\"elementor-element elementor-element-465cdff elementor-invisible elementor-widget elementor-widget-ucaddon_lord_icon\" data-id=\"465cdff\" data-element_type=\"widget\" data-settings=\"{&quot;_animation&quot;:&quot;fadeInUp&quot;}\" data-widget_type=\"ucaddon_lord_icon.default\">\n\t\t\t\t<div class=\"elementor-widget-container\">\n\t\t\t\t\t<!-- start Lordicon: Animated Icons -->\n\t\t\t<style type=\"text\/css\">\/* widget: Lordicon: Animated Icons *\/\n\n#uc_lord_icon_elementor_465cdff\n{\n  transition:0.3s;\n  display:flex;\n}\n\n#uc_lord_icon_elementor_465cdff lord-icon\n{\n  flex-shrink:0;\n  flex-grow:0;\n    }\n\n#uc_lord_icon_elementor_465cdff .ue-box-button\n{\n  width:100%;\n}\n\n#uc_lord_icon_elementor_465cdff .ue-btn {\n\ttext-decoration:none;\n\ttransition: 0.3s;\n    text-align:center;\n}\n\n\n\n\n@keyframes pulseuc_lord_icon_elementor_465cdff {\n\t 0% {\n\t\ttransform: scale(0.95);\n\t\tbox-shadow: 0 0 0 0 #FF0052;\n\t}\n\t\n\t70% {\n\t\ttransform: scale(1);\n\t\tbox-shadow: 0 0 0 20px #FF0052;\n\t}\n\t\n\t100% {\n\t\ttransform: scale(0.95);\n\t\tbox-shadow: 0 0 0 0 #FF0052;\n\t}\n}\n\n<\/style>\n\n\t\t\t<div class=\"ue-lord-icon-wrapper elementor-animation-float\" id=\"uc_lord_icon_elementor_465cdff\">\n<div>\n<lord-icon\n        src=\"https:\/\/vdportal.com\/wp-content\/uploads\/2023\/10\/wired-outline-945-dividends.json\"       \n    trigger=\"loop\"\n      target=\".ue-lord-icon-wrapper\"                      delay=\"0\"\n    state=\"in-reveal\"\n    stroke=\"regular\"\n    colors=\"primary:#585858,secondary:#FF0052\">\n<\/lord-icon>\n<\/div>\n\n<div class=\"ue-lord-icon-contet\">\n  <div class=\"ue-box-title\">Remboursement des livraisons<\/div>  <div class=\"ue-box-text\"><p>Si vos articles ne sont pas livr\u00e9s \u00e0 la bonne adresse ou sont perdus lors de la livraison, vous serez rembours\u00e9 \u00e0 100 %.<\/p><\/div>  <\/div>\n\n<\/div>\n  \n<!-- Animated icons by Lordicon.com -->\n\t\t\t<!-- end Lordicon: Animated Icons -->\t\t\t\t<\/div>\n\t\t\t\t<\/div>\n\t\t\t\t<\/div>\n\t\t\t\t<div class=\"elementor-element elementor-element-f179bde elementor-invisible elementor-widget elementor-widget-button\" data-id=\"f179bde\" data-element_type=\"widget\" data-settings=\"{&quot;_animation&quot;:&quot;fadeInUp&quot;}\" data-widget_type=\"button.default\">\n\t\t\t\t<div class=\"elementor-widget-container\">\n\t\t\t\t\t\t\t\t\t<div class=\"elementor-button-wrapper\">\n\t\t\t\t\t<a class=\"elementor-button elementor-button-link elementor-size-md\" href=\"https:\/\/vitesse-delivery.com\/fr\/contact\/\">\n\t\t\t\t\t\t<span class=\"elementor-button-content-wrapper\">\n\t\t\t\t\t\t\t\t\t<span class=\"elementor-button-text\">Contact<\/span>\n\t\t\t\t\t<\/span>\n\t\t\t\t\t<\/a>\n\t\t\t\t<\/div>\n\t\t\t\t\t\t\t\t<\/div>\n\t\t\t\t<\/div>\n\t\t\t\t<div class=\"elementor-element elementor-element-271ce32 elementor-widget elementor-widget-menu-anchor\" data-id=\"271ce32\" data-element_type=\"widget\" data-widget_type=\"menu-anchor.default\">\n\t\t\t\t<div class=\"elementor-widget-container\">\n\t\t\t\t\t\t\t<div class=\"elementor-menu-anchor\" id=\"v-business\"><\/div>\n\t\t\t\t\t\t<\/div>\n\t\t\t\t<\/div>\n\t\t\t\t<div class=\"elementor-element elementor-element-6886577 elementor-absolute elementor-widget elementor-widget-image\" data-id=\"6886577\" data-element_type=\"widget\" data-settings=\"{&quot;_position&quot;:&quot;absolute&quot;}\" data-widget_type=\"image.default\">\n\t\t\t\t<div class=\"elementor-widget-container\">\n\t\t\t\t\t\t\t\t\t\t\t\t\t\t\t<img fetchpriority=\"high\" decoding=\"async\" width=\"978\" height=\"966\" src=\"https:\/\/vitesse-delivery.com\/wp-content\/uploads\/2023\/10\/Pattern-3-e1697712888647.png\" class=\"attachment-full size-full wp-image-174\" alt=\"\" srcset=\"https:\/\/vitesse-delivery.com\/wp-content\/uploads\/2023\/10\/Pattern-3-e1697712888647.png 978w, https:\/\/vitesse-delivery.com\/wp-content\/uploads\/2023\/10\/Pattern-3-e1697712888647-300x296.png 300w, https:\/\/vitesse-delivery.com\/wp-content\/uploads\/2023\/10\/Pattern-3-e1697712888647-768x759.png 768w, https:\/\/vitesse-delivery.com\/wp-content\/uploads\/2023\/10\/Pattern-3-e1697712888647-600x593.png 600w, https:\/\/vitesse-delivery.com\/wp-content\/uploads\/2023\/10\/Pattern-3-e1697712888647-100x100.png 100w\" sizes=\"(max-width: 978px) 100vw, 978px\" \/>\t\t\t\t\t\t\t\t\t\t\t\t\t\t\t<\/div>\n\t\t\t\t<\/div>\n\t\t\t\t\t<\/div>\n\t\t\t\t<\/div>\n\t\t\t\t<\/div>","protected":false},"excerpt":{"rendered":"<p>Delivery solution for Restaurant owners , Companies , Individuals , E-Commerce owners The Future of Business Deliveries is here! Deliver today Vitesse is bringing the world\u2019s technology and efficiency of logistics to your business! Let\u2019s bridge the delivery gap in Cameroon together! Deliver easy and fast! Join the Delivery Revolution Partner with us&#8230; Besides offering [&hellip;]<\/p>","protected":false},"author":1,"featured_media":0,"parent":0,"menu_order":0,"comment_status":"closed","ping_status":"closed","template":"","meta":{"site-sidebar-layout":"no-sidebar","site-content-layout":"","ast-site-content-layout":"full-width-container","site-content-style":"default","site-sidebar-style":"default","ast-global-header-display":"","ast-banner-title-visibility":"","ast-main-header-display":"","ast-hfb-above-header-display":"","ast-hfb-below-header-display":"","ast-hfb-mobile-header-display":"","site-post-title":"disabled","ast-breadcrumbs-content":"","ast-featured-img":"disabled","footer-sml-layout":"","ast-disable-related-posts":"","theme-transparent-header-meta":"","adv-header-id-meta":"","stick-header-meta":"","header-above-stick-meta":"","header-main-stick-meta":"","header-below-stick-meta":"","astra-migrate-meta-layouts":"default","ast-page-background-enabled":"default","ast-page-background-meta":{"desktop":{"background-color":"var(--ast-global-color-4)","background-image":"","background-repeat":"repeat","background-position":"center center","background-size":"auto","background-attachment":"scroll","background-type":"","background-media":"","overlay-type":"","overlay-color":"","overlay-opacity":"","overlay-gradient":""},"tablet":{"background-color":"","background-image":"","background-repeat":"repeat","background-position":"center center","background-size":"auto","background-attachment":"scroll","background-type":"","background-media":"","overlay-type":"","overlay-color":"","overlay-opacity":"","overlay-gradient":""},"mobile":{"background-color":"","background-image":"","background-repeat":"repeat","background-position":"center center","background-size":"auto","background-attachment":"scroll","background-type":"","background-media":"","overlay-type":"","overlay-color":"","overlay-opacity":"","overlay-gradient":""}},"ast-content-background-meta":{"desktop":{"background-color":"var(--ast-global-color-5)","background-image":"","background-repeat":"repeat","background-position":"center center","background-size":"auto","background-attachment":"scroll","background-type":"","background-media":"","overlay-type":"","overlay-color":"","overlay-opacity":"","overlay-gradient":""},"tablet":{"background-color":"var(--ast-global-color-5)","background-image":"","background-repeat":"repeat","background-position":"center center","background-size":"auto","background-attachment":"scroll","background-type":"","background-media":"","overlay-type":"","overlay-color":"","overlay-opacity":"","overlay-gradient":""},"mobile":{"background-color":"var(--ast-global-color-5)","background-image":"","background-repeat":"repeat","background-position":"center center","background-size":"auto","background-attachment":"scroll","background-type":"","background-media":"","overlay-type":"","overlay-color":"","overlay-opacity":"","overlay-gradient":""}},"footnotes":""},"class_list":["post-2208","page","type-page","status-publish","hentry"],"_links":{"self":[{"href":"https:\/\/vitesse-delivery.com\/fr\/wp-json\/wp\/v2\/pages\/2208","targetHints":{"allow":["GET"]}}],"collection":[{"href":"https:\/\/vitesse-delivery.com\/fr\/wp-json\/wp\/v2\/pages"}],"about":[{"href":"https:\/\/vitesse-delivery.com\/fr\/wp-json\/wp\/v2\/types\/page"}],"author":[{"embeddable":true,"href":"https:\/\/vitesse-delivery.com\/fr\/wp-json\/wp\/v2\/users\/1"}],"replies":[{"embeddable":true,"href":"https:\/\/vitesse-delivery.com\/fr\/wp-json\/wp\/v2\/comments?post=2208"}],"version-history":[{"count":5,"href":"https:\/\/vitesse-delivery.com\/fr\/wp-json\/wp\/v2\/pages\/2208\/revisions"}],"predecessor-version":[{"id":3015,"href":"https:\/\/vitesse-delivery.com\/fr\/wp-json\/wp\/v2\/pages\/2208\/revisions\/3015"}],"wp:attachment":[{"href":"https:\/\/vitesse-delivery.com\/fr\/wp-json\/wp\/v2\/media?parent=2208"}],"curies":[{"name":"wp","href":"https:\/\/api.w.org\/{rel}","templated":true}]}}