{"id":2247,"date":"2023-12-03T22:10:03","date_gmt":"2023-12-03T22:10:03","guid":{"rendered":"https:\/\/vdportal.com\/?page_id=2247"},"modified":"2024-07-07T16:16:06","modified_gmt":"2024-07-07T16:16:06","slug":"riders","status":"publish","type":"page","link":"https:\/\/vitesse-delivery.com\/fr\/riders\/","title":{"rendered":"SpeedStars"},"content":{"rendered":"<div data-elementor-type=\"wp-page\" data-elementor-id=\"2247\" class=\"elementor elementor-2247\" data-elementor-post-type=\"page\">\n\t\t\t\t<div class=\"elementor-element elementor-element-2c02c01 e-flex e-con-boxed e-con e-parent\" data-id=\"2c02c01\" data-element_type=\"container\" data-settings=\"{&quot;background_background&quot;:&quot;classic&quot;}\">\n\t\t\t\t\t<div class=\"e-con-inner\">\n\t\t\t\t<div class=\"elementor-element elementor-element-8382743 animated-fast elementor-invisible elementor-widget elementor-widget-heading\" data-id=\"8382743\" data-element_type=\"widget\" data-settings=\"{&quot;_animation&quot;:&quot;fadeInUp&quot;}\" data-widget_type=\"heading.default\">\n\t\t\t\t<div class=\"elementor-widget-container\">\n\t\t\t\t\t<h2 class=\"elementor-heading-title elementor-size-default\">SpeedSTars<\/h2>\t\t\t\t<\/div>\n\t\t\t\t<\/div>\n\t\t\t\t\t<\/div>\n\t\t\t\t<\/div>\n\t\t<div class=\"elementor-element elementor-element-49693e3 e-flex e-con-boxed e-con e-parent\" data-id=\"49693e3\" data-element_type=\"container\" data-settings=\"{&quot;background_background&quot;:&quot;classic&quot;}\">\n\t\t\t\t\t<div class=\"e-con-inner\">\n\t\t<div class=\"elementor-element elementor-element-dbedbfd e-con-full e-flex e-con e-child\" data-id=\"dbedbfd\" data-element_type=\"container\">\n\t\t\t\t<div class=\"elementor-element elementor-element-ed8122f animated-fast elementor-invisible elementor-widget elementor-widget-heading\" data-id=\"ed8122f\" data-element_type=\"widget\" data-settings=\"{&quot;_animation&quot;:&quot;fadeInUp&quot;}\" data-widget_type=\"heading.default\">\n\t\t\t\t<div class=\"elementor-widget-container\">\n\t\t\t\t\t<h2 class=\"elementor-heading-title elementor-size-default\">Devenez un SpeedSTar !<\/h2>\t\t\t\t<\/div>\n\t\t\t\t<\/div>\n\t\t\t\t<div class=\"elementor-element elementor-element-63a638a animated-fast elementor-widget-mobile__width-inherit elementor-invisible elementor-widget elementor-widget-text-editor\" data-id=\"63a638a\" data-element_type=\"widget\" data-settings=\"{&quot;_animation&quot;:&quot;fadeInUp&quot;}\" data-widget_type=\"text-editor.default\">\n\t\t\t\t<div class=\"elementor-widget-container\">\n\t\t\t\t\t\t\t\t\t<p>1. Recevoir une notification lorsqu'un colis doit \u00eatre livr\u00e9.<br \/>2. Enl\u00e8vement et d\u00e9p\u00f4t du colis \u00e0 l'endroit souhait\u00e9.<br \/>3. Percevoir des revenus sur chaque colis livr\u00e9.<\/p>\t\t\t\t\t\t\t\t<\/div>\n\t\t\t\t<\/div>\n\t\t\t\t<div class=\"elementor-element elementor-element-0574991 elementor-invisible elementor-widget elementor-widget-button\" data-id=\"0574991\" data-element_type=\"widget\" data-settings=\"{&quot;_animation&quot;:&quot;fadeInUp&quot;}\" data-widget_type=\"button.default\">\n\t\t\t\t<div class=\"elementor-widget-container\">\n\t\t\t\t\t\t\t\t\t<div class=\"elementor-button-wrapper\">\n\t\t\t\t\t<a class=\"elementor-button elementor-button-link elementor-size-md\" href=\"#elementor-action%3Aaction%3Dpopup%3Aopen%26settings%3DeyJpZCI6IjIwNjkiLCJ0b2dnbGUiOmZhbHNlfQ%3D%3D\">\n\t\t\t\t\t\t<span class=\"elementor-button-content-wrapper\">\n\t\t\t\t\t\t\t\t\t<span class=\"elementor-button-text\">Remplir le formulaire SpeedSTAR<\/span>\n\t\t\t\t\t<\/span>\n\t\t\t\t\t<\/a>\n\t\t\t\t<\/div>\n\t\t\t\t\t\t\t\t<\/div>\n\t\t\t\t<\/div>\n\t\t\t\t<\/div>\n\t\t<div class=\"elementor-element elementor-element-5c05ce7 e-con-full e-flex e-con e-child\" data-id=\"5c05ce7\" data-element_type=\"container\">\n\t\t\t\t<div class=\"elementor-element elementor-element-babee9c animated-fast elementor-widget-mobile__width-inherit elementor-invisible elementor-widget elementor-widget-text-editor\" data-id=\"babee9c\" data-element_type=\"widget\" data-settings=\"{&quot;_animation&quot;:&quot;fadeInUp&quot;}\" data-widget_type=\"text-editor.default\">\n\t\t\t\t<div class=\"elementor-widget-container\">\n\t\t\t\t\t\t\t\t\t<p>\u00cates-vous pr\u00eat \u00e0 devenir un SpeedSTAR ? Voyez ci-dessous nos exigences.<br \/>1. Pr\u00e9inscrivez-vous en remplissant le formulaire ICI.<br \/>2. R\u00e9ussir le test d'\u00e9valuation technique\/pratique dans notre centre de test. Apporter les documents obligatoires suivants ;<br \/>- Carte d'identit\u00e9<br \/>- la preuve de la propri\u00e9t\u00e9 du v\u00e9lo<br \/>- ticket de caisse<br \/>- fournir 2 garants : noms, adresses et num\u00e9ros de t\u00e9l\u00e9phone.<br \/>- plan de localisation<br \/>- fournir des copies des documents de l'association<br \/>- permis de conduire<br \/>- Documents relatifs \u00e0 la taxe d'habitation et \u00e0 l'assurance pour l'ann\u00e9e pr\u00e9c\u00e9dente<\/p><p>3. Validation et confirmation de votre demande.<br \/>4. Recevoir son num\u00e9ro de pr\u00e9inscription<br \/>5. SpeedSTAR onboarding au si\u00e8ge social<br \/>6. T\u00e9l\u00e9chargez notre SpeedSTAPP.<\/p>\t\t\t\t\t\t\t\t<\/div>\n\t\t\t\t<\/div>\n\t\t\t\t<\/div>\n\t\t\t\t\t<\/div>\n\t\t\t\t<\/div>\n\t\t\t\t<\/div>","protected":false},"excerpt":{"rendered":"<p>SpeedSTars Become a SpeedSTar! 1. Get notified when a parcel needs to be delivered.2. Pick up and drop off parcel to desired location.3. Earn revenue on each parcel delivered. Fill the SpeedSTAR form Are you ready to become a SpeedSTAR? See below our requirements.1. Pre-register by filling the form HERE.2. Pass technical\/practical assessment Test at [&hellip;]<\/p>","protected":false},"author":1,"featured_media":0,"parent":0,"menu_order":0,"comment_status":"closed","ping_status":"closed","template":"","meta":{"site-sidebar-layout":"no-sidebar","site-content-layout":"","ast-site-content-layout":"full-width-container","site-content-style":"default","site-sidebar-style":"default","ast-global-header-display":"","ast-banner-title-visibility":"","ast-main-header-display":"","ast-hfb-above-header-display":"","ast-hfb-below-header-display":"","ast-hfb-mobile-header-display":"","site-post-title":"disabled","ast-breadcrumbs-content":"","ast-featured-img":"disabled","footer-sml-layout":"","ast-disable-related-posts":"","theme-transparent-header-meta":"","adv-header-id-meta":"","stick-header-meta":"","header-above-stick-meta":"","header-main-stick-meta":"","header-below-stick-meta":"","astra-migrate-meta-layouts":"default","ast-page-background-enabled":"default","ast-page-background-meta":{"desktop":{"background-color":"var(--ast-global-color-4)","background-image":"","background-repeat":"repeat","background-position":"center center","background-size":"auto","background-attachment":"scroll","background-type":"","background-media":"","overlay-type":"","overlay-color":"","overlay-opacity":"","overlay-gradient":""},"tablet":{"background-color":"","background-image":"","background-repeat":"repeat","background-position":"center center","background-size":"auto","background-attachment":"scroll","background-type":"","background-media":"","overlay-type":"","overlay-color":"","overlay-opacity":"","overlay-gradient":""},"mobile":{"background-color":"","background-image":"","background-repeat":"repeat","background-position":"center center","background-size":"auto","background-attachment":"scroll","background-type":"","background-media":"","overlay-type":"","overlay-color":"","overlay-opacity":"","overlay-gradient":""}},"ast-content-background-meta":{"desktop":{"background-color":"var(--ast-global-color-5)","background-image":"","background-repeat":"repeat","background-position":"center center","background-size":"auto","background-attachment":"scroll","background-type":"","background-media":"","overlay-type":"","overlay-color":"","overlay-opacity":"","overlay-gradient":""},"tablet":{"background-color":"var(--ast-global-color-5)","background-image":"","background-repeat":"repeat","background-position":"center center","background-size":"auto","background-attachment":"scroll","background-type":"","background-media":"","overlay-type":"","overlay-color":"","overlay-opacity":"","overlay-gradient":""},"mobile":{"background-color":"var(--ast-global-color-5)","background-image":"","background-repeat":"repeat","background-position":"center center","background-size":"auto","background-attachment":"scroll","background-type":"","background-media":"","overlay-type":"","overlay-color":"","overlay-opacity":"","overlay-gradient":""}},"footnotes":""},"class_list":["post-2247","page","type-page","status-publish","hentry"],"_links":{"self":[{"href":"https:\/\/vitesse-delivery.com\/fr\/wp-json\/wp\/v2\/pages\/2247","targetHints":{"allow":["GET"]}}],"collection":[{"href":"https:\/\/vitesse-delivery.com\/fr\/wp-json\/wp\/v2\/pages"}],"about":[{"href":"https:\/\/vitesse-delivery.com\/fr\/wp-json\/wp\/v2\/types\/page"}],"author":[{"embeddable":true,"href":"https:\/\/vitesse-delivery.com\/fr\/wp-json\/wp\/v2\/users\/1"}],"replies":[{"embeddable":true,"href":"https:\/\/vitesse-delivery.com\/fr\/wp-json\/wp\/v2\/comments?post=2247"}],"version-history":[{"count":5,"href":"https:\/\/vitesse-delivery.com\/fr\/wp-json\/wp\/v2\/pages\/2247\/revisions"}],"predecessor-version":[{"id":3034,"href":"https:\/\/vitesse-delivery.com\/fr\/wp-json\/wp\/v2\/pages\/2247\/revisions\/3034"}],"wp:attachment":[{"href":"https:\/\/vitesse-delivery.com\/fr\/wp-json\/wp\/v2\/media?parent=2247"}],"curies":[{"name":"wp","href":"https:\/\/api.w.org\/{rel}","templated":true}]}}